{"id":267,"date":"2024-06-26T02:05:13","date_gmt":"2024-06-26T07:05:13","guid":{"rendered":"https:\/\/henschen.pe\/?page_id=267"},"modified":"2024-07-09T22:25:13","modified_gmt":"2024-07-10T03:25:13","slug":"servicio-aereo","status":"publish","type":"page","link":"https:\/\/henschen.pe\/en\/servicio-aereo\/","title":{"rendered":"air service"},"content":{"rendered":"<div data-elementor-type=\"wp-page\" data-elementor-id=\"267\" class=\"elementor elementor-267\" data-elementor-post-type=\"page\">\n\t\t\t\t<div class=\"elementor-element elementor-element-18c23e6e e-flex e-con-boxed e-con e-parent\" data-id=\"18c23e6e\" data-element_type=\"container\" data-settings=\"{&quot;background_background&quot;:&quot;classic&quot;}\">\n\t\t\t\t\t<div class=\"e-con-inner\">\n\t\t<div class=\"elementor-element elementor-element-7b9e891c e-con-full e-flex e-con e-child\" data-id=\"7b9e891c\" data-element_type=\"container\">\n\t\t\t\t<div class=\"elementor-element elementor-element-ca0b04a elementor-widget elementor-widget-heading\" data-id=\"ca0b04a\" data-element_type=\"widget\" data-widget_type=\"heading.default\">\n\t\t\t\t<div class=\"elementor-widget-container\">\n\t\t\t<style>\/*! elementor - v3.22.0 - 24-06-2024 *\/\n.elementor-heading-title{padding:0;margin:0;line-height:1}.elementor-widget-heading .elementor-heading-title[class*=elementor-size-]>a{color:inherit;font-size:inherit;line-height:inherit}.elementor-widget-heading .elementor-heading-title.elementor-size-small{font-size:15px}.elementor-widget-heading .elementor-heading-title.elementor-size-medium{font-size:19px}.elementor-widget-heading .elementor-heading-title.elementor-size-large{font-size:29px}.elementor-widget-heading .elementor-heading-title.elementor-size-xl{font-size:39px}.elementor-widget-heading .elementor-heading-title.elementor-size-xxl{font-size:59px}<\/style><h2 class=\"elementor-heading-title elementor-size-default\">Air service<\/h2>\t\t<\/div>\n\t\t\t\t<\/div>\n\t\t\t\t<\/div>\n\t\t\t\t\t<\/div>\n\t\t\t\t<\/div>\n\t\t<div class=\"elementor-element elementor-element-47dcd6d e-flex e-con-boxed e-con e-parent\" data-id=\"47dcd6d\" data-element_type=\"container\" data-settings=\"{&quot;background_background&quot;:&quot;classic&quot;}\">\n\t\t\t\t\t<div class=\"e-con-inner\">\n\t\t<div class=\"elementor-element elementor-element-45793c80 e-con-full e-flex e-con e-child\" data-id=\"45793c80\" data-element_type=\"container\">\n\t\t\t\t<div class=\"elementor-element elementor-element-fb04a00 elementor-widget elementor-widget-heading\" data-id=\"fb04a00\" data-element_type=\"widget\" data-widget_type=\"heading.default\">\n\t\t\t\t<div class=\"elementor-widget-container\">\n\t\t\t<h2 class=\"elementor-heading-title elementor-size-default\">THE SKY IS THE LIMIT<\/h2>\t\t<\/div>\n\t\t\t\t<\/div>\n\t\t\t\t<div class=\"elementor-element elementor-element-318f7e71 elementor-widget elementor-widget-text-editor\" data-id=\"318f7e71\" data-element_type=\"widget\" data-widget_type=\"text-editor.default\">\n\t\t\t\t<div class=\"elementor-widget-container\">\n\t\t\t<style>\/*! elementor - v3.22.0 - 24-06-2024 *\/\n.elementor-widget-text-editor.elementor-drop-cap-view-stacked .elementor-drop-cap{background-color:#69727d;color:#fff}.elementor-widget-text-editor.elementor-drop-cap-view-framed .elementor-drop-cap{color:#69727d;border:3px solid;background-color:transparent}.elementor-widget-text-editor:not(.elementor-drop-cap-view-default) .elementor-drop-cap{margin-top:8px}.elementor-widget-text-editor:not(.elementor-drop-cap-view-default) .elementor-drop-cap-letter{width:1em;height:1em}.elementor-widget-text-editor .elementor-drop-cap{float:left;text-align:center;line-height:1;font-size:50px}.elementor-widget-text-editor .elementor-drop-cap-letter{display:inline-block}<\/style>\t\t\t\t<p>We design flexible solutions tailored to each of our customers by air cargo, committed to cutting-edge technology and innovation, promoting safety, reliability, reliability, availability and economy in air transport, with excellent delivery time to your destination, ensuring reserved space with the main airlines, minimizing risks.<\/p><p>\u00a0<\/p><ul><li>WE ARE A LEADING COMPANY IN THE LOGISTICS SECTOR.<\/li><li>WE DELIVER TO OUR CUSTOMERS<\/li><\/ul><p>\u00a0<\/p><p>For us it is very important to feel part of each of our clients, offering logistic solutions to move from a small box in our national air services, to a large machinery in our maritime and land services.<\/p>\t\t\t\t\t\t<\/div>\n\t\t\t\t<\/div>\n\t\t\t\t<\/div>\n\t\t\t\t\t<\/div>\n\t\t\t\t<\/div>\n\t\t<div class=\"elementor-element elementor-element-c5ed2cb e-flex e-con-boxed e-con e-parent\" data-id=\"c5ed2cb\" data-element_type=\"container\" data-settings=\"{&quot;background_background&quot;:&quot;classic&quot;}\">\n\t\t\t\t\t<div class=\"e-con-inner\">\n\t\t<div class=\"elementor-element elementor-element-2ba830d e-con-full e-flex e-con e-child\" data-id=\"2ba830d\" data-element_type=\"container\">\n\t\t\t\t<div class=\"elementor-element elementor-element-e661734 elementor-widget elementor-widget-heading\" data-id=\"e661734\" data-element_type=\"widget\" data-widget_type=\"heading.default\">\n\t\t\t\t<div class=\"elementor-widget-container\">\n\t\t\t<h2 class=\"elementor-heading-title elementor-size-default\">TRANSPORTATION SOLUTIONS<\/h2>\t\t<\/div>\n\t\t\t\t<\/div>\n\t\t\t\t<div class=\"elementor-element elementor-element-40dbc55 elementor-widget elementor-widget-text-editor\" data-id=\"40dbc55\" data-element_type=\"widget\" data-widget_type=\"text-editor.default\">\n\t\t\t\t<div class=\"elementor-widget-container\">\n\t\t\t\t\t\t\t<p>We have a commercial relationship with the main airlines worldwide and the most competitive air fares.<\/p><p>\u00a0<\/p><p>We offer essential professional support and a wide range of essential services for urgent shipments. Experts in air freight for import and export, collection at origin and\/or destination, delivery to any part of the world through a complete professional network of agents, logistics, distribution of perishable or high monetary value merchandise, customs clearance, storage, national and international transport.<\/p><p>\u00a0<\/p><p>Trade consulting. Simplifying transportation processes, operating safely, efficiently and economically, complying with defined guidelines, with highly trained advisors to offer a quality service, solving any transportation need that your company requires.<\/p>\t\t\t\t\t\t<\/div>\n\t\t\t\t<\/div>\n\t\t\t\t<\/div>\n\t\t<div class=\"elementor-element elementor-element-c0de5c8 e-con-full e-flex e-con e-child\" data-id=\"c0de5c8\" data-element_type=\"container\">\n\t\t\t\t<div class=\"elementor-element elementor-element-42ef0599 elementor-invisible elementor-widget elementor-widget-image\" data-id=\"42ef0599\" data-element_type=\"widget\" data-settings=\"{&quot;_animation&quot;:&quot;zoomIn&quot;}\" data-widget_type=\"image.default\">\n\t\t\t\t<div class=\"elementor-widget-container\">\n\t\t\t<style>\/*! elementor - v3.22.0 - 24-06-2024 *\/\n.elementor-widget-image{text-align:center}.elementor-widget-image a{display:inline-block}.elementor-widget-image a img[src$=\".svg\"]{width:48px}.elementor-widget-image img{vertical-align:middle;display:inline-block}<\/style>\t\t\t\t\t\t\t\t\t\t<img decoding=\"async\" src=\"https:\/\/henschen.pe\/wp-content\/uploads\/2024\/06\/aereo1_Henschen.webp\" title=\"aereo1_Henschen\" alt=\"aereo1_Henschen\" loading=\"lazy\" \/>\t\t\t\t\t\t\t\t\t\t\t\t\t<\/div>\n\t\t\t\t<\/div>\n\t\t\t\t<\/div>\n\t\t\t\t\t<\/div>\n\t\t\t\t<\/div>\n\t\t\t\t<\/div>","protected":false},"excerpt":{"rendered":"<p>Servicio Aereo EL CIELO ES EL LIMITE Dise\u00f1amos soluciones flexibles a la medida de cada uno de nuestros clientes por carga a\u00e9rea, comprometidos con la tecnolog\u00eda de punta y la innovaci\u00f3n, promoviendo la seguridad, confiabilidad, disponibilidad y econom\u00eda en el transporte a\u00e9reo, con excelente tiempo de entrega a su destino, asegurando espacio reservado con el&hellip; <a class=\"more-link\" href=\"https:\/\/henschen.pe\/en\/servicio-aereo\/\">Continue reading <span class=\"screen-reader-text\">air service<\/span><\/a><\/p>","protected":false},"author":1,"featured_media":0,"parent":0,"menu_order":0,"comment_status":"closed","ping_status":"closed","template":"elementor_header_footer","meta":{"footnotes":""},"class_list":["post-267","page","type-page","status-publish","hentry","entry"],"_links":{"self":[{"href":"https:\/\/henschen.pe\/en\/wp-json\/wp\/v2\/pages\/267","targetHints":{"allow":["GET"]}}],"collection":[{"href":"https:\/\/henschen.pe\/en\/wp-json\/wp\/v2\/pages"}],"about":[{"href":"https:\/\/henschen.pe\/en\/wp-json\/wp\/v2\/types\/page"}],"author":[{"embeddable":true,"href":"https:\/\/henschen.pe\/en\/wp-json\/wp\/v2\/users\/1"}],"replies":[{"embeddable":true,"href":"https:\/\/henschen.pe\/en\/wp-json\/wp\/v2\/comments?post=267"}],"version-history":[{"count":10,"href":"https:\/\/henschen.pe\/en\/wp-json\/wp\/v2\/pages\/267\/revisions"}],"predecessor-version":[{"id":353,"href":"https:\/\/henschen.pe\/en\/wp-json\/wp\/v2\/pages\/267\/revisions\/353"}],"wp:attachment":[{"href":"https:\/\/henschen.pe\/en\/wp-json\/wp\/v2\/media?parent=267"}],"curies":[{"name":"wp","href":"https:\/\/api.w.org\/{rel}","templated":true}]}}